{"id":1513,"date":"2021-05-21T10:14:44","date_gmt":"2021-05-21T09:14:44","guid":{"rendered":"https:\/\/pernici.faculty.polimi.it\/?page_id=1513"},"modified":"2023-06-28T09:31:09","modified_gmt":"2023-06-28T08:31:09","slug":"italiano-crowd4sdg-polimi-publications","status":"publish","type":"page","link":"https:\/\/pernici.faculty.polimi.it\/it\/crowd4sdgpolimi\/italiano-crowd4sdg-polimi-publications\/","title":{"rendered":"Crowd4SDG PoliMi Publications"},"content":{"rendered":"<p><\/p>\n<ul>\n<li>Carlo A. Bono, Cinzia Cappiello, Barbara Pernici, Edoardo Ramalli, Monica Vitali, Pipeline Design for Data Preparation for Social Media Analysis, ACM Journal of Data and Information Quality, in press,\u00a0<a href=\"https:\/\/re.public.polimi.it\/handle\/11311\/1235292\">https:\/\/re.public.polimi.it\/handle\/11311\/1235292<\/a><\/li>\n<li>Carlo Bono, Mehmet Oguz M\u00fcl\u00e2yim, Cinzia Cappiello, Mark Carman,<br \/>\nJesus Cerquides, Jose Luis Fernandez-Marquez, Rosy Mondardini,<br \/>\nEdoardo Ramalli, Barbara Pernici, A Citizen Science approach for analysing social media with crowdsourcing, IEEE Access, Vol. 11, pp. 15329 \u2013 15347, 2023\u00a0\u00a0<a href=\"https:\/\/ieeexplore.ieee.org\/document\/10041135\">https:\/\/ieeexplore.ieee.org\/document\/10041135<\/a><\/li>\n<li>G. Scalia, C. Francalanci, B. Pernici, CIME: Context-aware geolocation of emergency-related posts, Geoinformatica, 2022\u00a0<a href=\"https:\/\/link.springer.com\/article\/10.1007\/s10707-021-00446-x\">link<\/a><\/li>\n<li>S. Geisler, M.-E. Vidal, C. Cappiello, B. Farias L\u00f3scio, A. Gal, M. Jarke, M. Lenzerini, P. Missier, B. Otto, E. Paja, B. Pernici, J. Rehof, Knowledge-driven Data Ecosystems Towards Data Transparency, ACM Journal of Data and Information Quality, vol. 14, 1, 2022\u00a0<a href=\"https:\/\/dl.acm.org\/doi\/10.1145\/3467022\">https:\/\/dl.acm.org\/doi\/10.1145\/3467022<\/a><\/li>\n<li>Hafiz Budi Firmansyah , Jose Luis Fernandez-Marquez, Jesus Cerquides, Valerio Lorini, Carlo Alberto Bono, Barbara Pernici, Enhancing Disaster Response with Automated Text Information Extraction from Social Media Images, IEEE BigDataService 2023, Athens, July 2023<\/li>\n<li>Bono, Carlo A., Mehmet O\u011fuz M\u00fcl\u00e2yim, and Barbara Pernici. Learning early detection of emergencies from word usage patterns on social media. IFIP WG5.15 Working Conference on Information Technology for Disaster RIsk Reduction, Norway, Oct. 2022 <a href=\"https:\/\/www.iiia.csic.es\/media\/filer_public\/b4\/6a\/b46a78d9-c9f2-4c1c-8ea5-b5186abdb79d\/itdrr2022_paper_preprint.pdf\">link<\/a><\/li>\n<li>Bono, Carlo, Barbara Pernici, Jose Luis Fernandez-Marquez, Amudha Ravi Shankar, Mehmet O\u011fuz M\u00fcl\u00e2yim, and Edoardo Nemni. \u201cTriggerCit: Early Flood Alerting using Twitter and Geolocation\u2013a comparison with alternative sources.\u201d ISCRAM, Tarbes, May 2022\u00a0<a href=\"https:\/\/arxiv.org\/pdf\/2202.12014\">link<\/a>.<\/li>\n<li>Bono, Carlo, Barbara Pernici, Extracting Large Scale Spatio-Temporal Descriptions from Social Media, SEBD 2022, Tirrenia, Italy, June 2022<\/li>\n<li>Olimpia Rivera, Juan Felipe Calderon, Paul Planchon, Barbara Pernici, Evaluating the impact of floods on gender equality from social media evidence, 2nd AISWN International Research Workshop on Women IS and Grand Challenges @ICIS, Dec. 2021<\/li>\n<li>V. Negri, D. Scuratti, S. Agresti, D. Rooein, G. Scalia, J.L. Fernandez-Marquez, A. Ravi Shankar, M. Carman and B.Pernici, Image-based Social Sensing: Combining AI and the Crowd to Mine Policy-Adherence Indicators from Twitter, accepted at ICSE. Track Software Engineering in Society, May 2021\u00a0<a href=\"https:\/\/www.youtube.com\/watch?v=GhV-g4ogjdU\">video<\/a>\u00a0<a href=\"https:\/\/arxiv.org\/abs\/2010.03021\">link to paper\u00a0<\/a><\/li>\n<li>Datasets for Crowd4SDG-VisualCit COVID-19 behavioral indicators in the above paper\u00a0<a href=\"https:\/\/zenodo.org\/record\/4539697\">link<\/a><\/li>\n<li><span class=\"this-person\">Barbara Pernici<\/span>,\u00a0<a href=\"https:\/\/dblp.org\/pid\/272\/0608.html\"><span title=\"Francesca Ratti\">Francesca Ratti<\/span><\/a>,\u00a0<a href=\"https:\/\/dblp.org\/pid\/201\/9258.html\"><span title=\"Gabriele Scalia\">Gabriele Scalia, \u00a0<\/span><\/a><span class=\"title\">About the Quality of Data and Services in Natural Sciences.<\/span>\u00a0<a href=\"https:\/\/dblp.org\/db\/conf\/birthday\/papazoglou2021.html#PerniciRS21\">Next-Gen Digital Services\u00a02021<\/a>: 236-248 <a href=\"https:\/\/link.springer.com\/chapter\/10.1007%2F978-3-030-73203-5_18\">link<\/a><\/li>\n<li>Barbara Pernici, CROWD4SDG: Crowdsourcing for sustainable developments goals, 248-253, in Book of Short Papers, SIS 2020, Pearson, 2020\u00a0(<a href=\"http:\/\/hdl.handle.net\/11311\/1161908\">link<\/a>)<\/li>\n<li>S. Geisler, M.-E. Vidal, C. Cappiello, B. Farias L\u00f3scio, A. Gal, M. Jarke, M. Lenzerini, P. Missier, B. Otto, E. Paja, B. Pernici, J. Rehof, Knowledge-driven Data Ecosystems Towards Data Transparency, accepted for publication on ACM Journal of Data and Information Quality, 2021 <a href=\"https:\/\/arxiv.org\/abs\/2105.09312\">https:\/\/arxiv.org\/abs\/2105.09312<\/a><\/li>\n<\/ul>\n<p><\/p>","protected":false},"excerpt":{"rendered":"<p>Carlo A. Bono, Cinzia Cappiello, Barbara Pernici, Edoardo Ramalli, Monica Vitali, Pipeline Design for Data Preparation for Social Media Analysis, ACM Journal of Data and Information Quality, in press,\u00a0https:\/\/re.public.polimi.it\/handle\/11311\/1235292 Carlo Bono, Mehmet Oguz M\u00fcl\u00e2yim, Cinzia Cappiello, Mark Carman, Jesus Cerquides, &hellip; <a href=\"https:\/\/pernici.faculty.polimi.it\/it\/crowd4sdgpolimi\/italiano-crowd4sdg-polimi-publications\/\">Continua a leggere<span class=\"meta-nav\">&rarr;<\/span><\/a><\/p>\n","protected":false},"author":8,"featured_media":0,"parent":1299,"menu_order":0,"comment_status":"closed","ping_status":"closed","template":"","meta":{"footnotes":""},"class_list":["post-1513","page","type-page","status-publish","hentry"],"_links":{"self":[{"href":"https:\/\/pernici.faculty.polimi.it\/it\/wp-json\/wp\/v2\/pages\/1513","targetHints":{"allow":["GET"]}}],"collection":[{"href":"https:\/\/pernici.faculty.polimi.it\/it\/wp-json\/wp\/v2\/pages"}],"about":[{"href":"https:\/\/pernici.faculty.polimi.it\/it\/wp-json\/wp\/v2\/types\/page"}],"author":[{"embeddable":true,"href":"https:\/\/pernici.faculty.polimi.it\/it\/wp-json\/wp\/v2\/users\/8"}],"replies":[{"embeddable":true,"href":"https:\/\/pernici.faculty.polimi.it\/it\/wp-json\/wp\/v2\/comments?post=1513"}],"version-history":[{"count":23,"href":"https:\/\/pernici.faculty.polimi.it\/it\/wp-json\/wp\/v2\/pages\/1513\/revisions"}],"predecessor-version":[{"id":1837,"href":"https:\/\/pernici.faculty.polimi.it\/it\/wp-json\/wp\/v2\/pages\/1513\/revisions\/1837"}],"up":[{"embeddable":true,"href":"https:\/\/pernici.faculty.polimi.it\/it\/wp-json\/wp\/v2\/pages\/1299"}],"wp:attachment":[{"href":"https:\/\/pernici.faculty.polimi.it\/it\/wp-json\/wp\/v2\/media?parent=1513"}],"curies":[{"name":"wp","href":"https:\/\/api.w.org\/{rel}","templated":true}]}}